{"id":61,"date":"2011-02-14T15:35:59","date_gmt":"2011-02-14T14:35:59","guid":{"rendered":"https:\/\/backup-ns-eu.sb0.xyz\/index.php\/"},"modified":"2013-10-08T23:15:13","modified_gmt":"2013-10-08T22:15:13","slug":"projekty","status":"publish","type":"page","link":"https:\/\/backup-ns-eu.sb0.xyz\/index.php\/projekty\/","title":{"rendered":"Projekty"},"content":{"rendered":"<p>Zde jsou na\u0161e projekty, minul\u00e9 i aktu\u00e1ln\u00ed:<\/p>\n<ul>\n<li><a title=\"L\u00edpa u k\u0159\u00ed\u017eku a obnova aleje \u017dloukovice\" href=\"lipa-u-krizku-a-obnova-aleje-zloukovice\">L\u00edpa u k\u0159\u00ed\u017eku a obnova aleje \u017dloukovice<\/a><\/li>\n<li><a title=\"Mapov\u00e1n\u00ed pro spole\u010dnost GARMIN\" href=\"mapovani-pro-garmin\">Mapov\u00e1n\u00ed pro spole\u010dnost GARMIN<\/a><\/li>\n<li><a title=\"Nau\u010dn\u00e1 stezka Okol\u00edm K\u00e1cova\" href=\"projekt-naucna-stezka-okolim-kacova\">Nau\u010dn\u00e1 stezka Okol\u00edm K\u00e1cova<\/a><\/li>\n<li><a title=\"Obnova parku v K\u00e1cov\u011b\" href=\"obnova-parku-v-kacove-2\">Obnova parku v K\u00e1cov\u011b<\/a><\/li>\n<\/ul>\n","protected":false},"excerpt":{"rendered":"<p>Zde jsou na\u0161e projekty, minul\u00e9 i aktu\u00e1ln\u00ed: L\u00edpa u k\u0159\u00ed\u017eku a obnova aleje \u017dloukovice Mapov\u00e1n\u00ed pro spole\u010dnost GARMIN Nau\u010dn\u00e1 stezka Okol\u00edm K\u00e1cova Obnova parku v K\u00e1cov\u011b<\/p>\n","protected":false},"author":1,"featured_media":252,"parent":0,"menu_order":30,"comment_status":"closed","ping_status":"closed","template":"","meta":{"footnotes":""},"class_list":["post-61","page","type-page","status-publish","has-post-thumbnail","hentry"],"_links":{"self":[{"href":"https:\/\/backup-ns-eu.sb0.xyz\/index.php\/wp-json\/wp\/v2\/pages\/61","targetHints":{"allow":["GET"]}}],"collection":[{"href":"https:\/\/backup-ns-eu.sb0.xyz\/index.php\/wp-json\/wp\/v2\/pages"}],"about":[{"href":"https:\/\/backup-ns-eu.sb0.xyz\/index.php\/wp-json\/wp\/v2\/types\/page"}],"author":[{"embeddable":true,"href":"https:\/\/backup-ns-eu.sb0.xyz\/index.php\/wp-json\/wp\/v2\/users\/1"}],"replies":[{"embeddable":true,"href":"https:\/\/backup-ns-eu.sb0.xyz\/index.php\/wp-json\/wp\/v2\/comments?post=61"}],"version-history":[{"count":16,"href":"https:\/\/backup-ns-eu.sb0.xyz\/index.php\/wp-json\/wp\/v2\/pages\/61\/revisions"}],"predecessor-version":[{"id":510,"href":"https:\/\/backup-ns-eu.sb0.xyz\/index.php\/wp-json\/wp\/v2\/pages\/61\/revisions\/510"}],"wp:featuredmedia":[{"embeddable":true,"href":"https:\/\/backup-ns-eu.sb0.xyz\/index.php\/wp-json\/wp\/v2\/media\/252"}],"wp:attachment":[{"href":"https:\/\/backup-ns-eu.sb0.xyz\/index.php\/wp-json\/wp\/v2\/media?parent=61"}],"curies":[{"name":"wp","href":"https:\/\/api.w.org\/{rel}","templated":true}]}}