{"id":523,"date":"2013-10-26T22:12:05","date_gmt":"2013-10-26T21:12:05","guid":{"rendered":"https:\/\/backup-ns-eu.sb0.xyz\/?page_id=523"},"modified":"2014-03-11T13:42:19","modified_gmt":"2014-03-11T12:42:19","slug":"pece-o-prirodu","status":"publish","type":"page","link":"https:\/\/backup-ns-eu.sb0.xyz\/index.php\/pece-o-prirodu\/","title":{"rendered":"P\u00e9\u010de o p\u0159\u00edrodu"},"content":{"rendered":"<p>K\u00a0na\u0161\u00ed <a href=\"https:\/\/backup-ns-eu.sb0.xyz\/wp-content\/uploads\/2013\/10\/foto_kabecnice.jpg\"><img loading=\"lazy\" decoding=\"async\" class=\"alignleft size-thumbnail wp-image-525\" alt=\"foto_kabecnice\" src=\"https:\/\/backup-ns-eu.sb0.xyz\/wp-content\/uploads\/2013\/10\/foto_kabecnice-e1382821666569-150x91.jpg\" width=\"146\" height=\"89\" \/><\/a>\u010dinnosti pat\u0159\u00ed tak\u00e9 p\u00e9\u010de o chr\u00e1n\u011bn\u00e9 \u010d\u00e1sti p\u0159\u00edrody. Pod\u00edl\u00edme se na pl\u00e1novan\u00fdch z\u00e1saz\u00edch v\u00a0chr\u00e1n\u011bn\u00fdch \u00fazem\u00edch, kter\u00e9 maj\u00ed za c\u00edl p\u0159isp\u011bt k\u00a0udr\u017een\u00ed \u010di zlep\u0161en\u00ed stavu v\u00a0rezervac\u00edch z\u00e1visl\u00fdch n\u011bjak\u00fdm zp\u016fsobem na \u010dinnosti lid\u00ed. V\u00a0\u010cesk\u00e9 republice se jedn\u00e1 p\u0159edev\u0161\u00edm o stanovi\u0161t\u011b bezles\u00e1, kter\u00e1 p\u0159irozen\u011b inklinuj\u00ed k\u00a0p\u0159em\u011bn\u011b na lesn\u00ed, t\u00edm \u017ee postupn\u011b zar\u016fstaj\u00ed d\u0159evinami. P\u0159irozen\u00e9 bezles\u00ed se vyskytuje tam, kde n\u011bkter\u00e9 lok\u00e1ln\u00ed podm\u00ednky br\u00e1n\u00ed vzniku lesa, nap\u0159\u00edklad t\u00edm, \u017ee stanovi\u0161t\u011b je extremn\u011b such\u00e9 nebo zde je p\u0159\u00edli\u0161 m\u011blk\u00fd p\u016fdn\u00ed horizont, p\u0159\u00edpadn\u011b na skal\u00e1ch chyb\u00ed \u00fapln\u011b. Velk\u00e9 mno\u017estv\u00ed bezles\u00fdch ploch vzniklo v\u00a0souvislosti se zem\u011bd\u011blsk\u00fdm hospoda\u0159en\u00edm a tady je to pr\u00e1v\u011b lidsk\u00e1 \u010dinnost, kter\u00e1 br\u00e1n\u00ed tomu, aby tyto plochy zarostly ke\u0159i a stromy. Postupn\u011b se zm\u011bnil zp\u016fsob zem\u011bd\u011blsk\u00e9ho hospoda\u0159en\u00ed a \u0159ada ploch p\u0159estala b\u00fdt ji\u017e pro zem\u011bd\u011blce z\u00a0hlediska produkce zaj\u00edmav\u00e1. \u010casto se jedn\u00e1 o lokality, kter\u00e9 jsou naopak velmi bohat\u00e9, co se t\u00fdk\u00e1 po\u010dtu druh\u016f rostlin a \u017eivo\u010dich\u016f. A zde je pak na\u0161e pole p\u016fsobnosti, abychom pomohli zabr\u00e1nit z\u00e1niku takov\u00fdch cenn\u00fdch ploch.<\/p>\n","protected":false},"excerpt":{"rendered":"<p>K\u00a0na\u0161\u00ed \u010dinnosti pat\u0159\u00ed tak\u00e9 p\u00e9\u010de o chr\u00e1n\u011bn\u00e9 \u010d\u00e1sti p\u0159\u00edrody. Pod\u00edl\u00edme se na pl\u00e1novan\u00fdch z\u00e1saz\u00edch v\u00a0chr\u00e1n\u011bn\u00fdch \u00fazem\u00edch, kter\u00e9 maj\u00ed za c\u00edl p\u0159isp\u011bt k\u00a0udr\u017een\u00ed \u010di zlep\u0161en\u00ed stavu v\u00a0rezervac\u00edch z\u00e1visl\u00fdch n\u011bjak\u00fdm zp\u016fsobem na \u010dinnosti lid\u00ed. V\u00a0\u010cesk\u00e9 republice se jedn\u00e1 p\u0159edev\u0161\u00edm o stanovi\u0161t\u011b bezles\u00e1, &hellip; <a href=\"https:\/\/backup-ns-eu.sb0.xyz\/index.php\/pece-o-prirodu\/\">Cel\u00fd p\u0159\u00edsp\u011bvek <span class=\"meta-nav\">&rarr;<\/span><\/a><\/p>\n","protected":false},"author":3,"featured_media":0,"parent":0,"menu_order":0,"comment_status":"closed","ping_status":"closed","template":"","meta":{"footnotes":""},"class_list":["post-523","page","type-page","status-publish","hentry"],"_links":{"self":[{"href":"https:\/\/backup-ns-eu.sb0.xyz\/index.php\/wp-json\/wp\/v2\/pages\/523","targetHints":{"allow":["GET"]}}],"collection":[{"href":"https:\/\/backup-ns-eu.sb0.xyz\/index.php\/wp-json\/wp\/v2\/pages"}],"about":[{"href":"https:\/\/backup-ns-eu.sb0.xyz\/index.php\/wp-json\/wp\/v2\/types\/page"}],"author":[{"embeddable":true,"href":"https:\/\/backup-ns-eu.sb0.xyz\/index.php\/wp-json\/wp\/v2\/users\/3"}],"replies":[{"embeddable":true,"href":"https:\/\/backup-ns-eu.sb0.xyz\/index.php\/wp-json\/wp\/v2\/comments?post=523"}],"version-history":[{"count":1,"href":"https:\/\/backup-ns-eu.sb0.xyz\/index.php\/wp-json\/wp\/v2\/pages\/523\/revisions"}],"predecessor-version":[{"id":526,"href":"https:\/\/backup-ns-eu.sb0.xyz\/index.php\/wp-json\/wp\/v2\/pages\/523\/revisions\/526"}],"wp:attachment":[{"href":"https:\/\/backup-ns-eu.sb0.xyz\/index.php\/wp-json\/wp\/v2\/media?parent=523"}],"curies":[{"name":"wp","href":"https:\/\/api.w.org\/{rel}","templated":true}]}}