{"id":49,"date":"2011-02-14T15:24:39","date_gmt":"2011-02-14T14:24:39","guid":{"rendered":"https:\/\/backup-ns-eu.sb0.xyz\/index.php\/"},"modified":"2022-08-25T10:50:55","modified_gmt":"2022-08-25T09:50:55","slug":"kontakty","status":"publish","type":"page","link":"https:\/\/backup-ns-eu.sb0.xyz\/index.php\/o-nas\/kontakty\/","title":{"rendered":"Kontakty"},"content":{"rendered":"<p><strong>N\u00e1zev ZO<\/strong>: ZO \u010cSOP Nau\u010dn\u00e9 stezky \u010cR<br \/>\n<strong>Adresa s\u00eddla<\/strong>: \u017dloukovice 0512 Ni\u017ebor 267 05<br \/>\n<strong>\u010c\u00edslo ZO<\/strong>: 03\/15<br \/>\n<strong>I\u010c<\/strong>: 72396407<br \/>\n<strong>Bankovn\u00ed spojen\u00ed<\/strong>: Fio banka \u010d.\u00fa. 2201014395 \/ 2010<br \/>\n<strong>e- mail<\/strong>: <strong><span style=\"color: #0000ff;\">csop.nscr@seznam.cz , info@backup-ns-eu.sb0.xyz<\/span><\/strong><br \/>\n<strong><span style=\"color: #0000ff;\"> www.naucne-stezky.eu<\/span><\/strong><br \/>\n<strong>Statut\u00e1rn\u00ed z\u00e1stupce <\/strong>\u2013 p\u0159edseda ZO Ing. Alena \u0160\u0165ov\u00ed\u010dkov\u00e1 602234673<\/p>\n","protected":false},"excerpt":{"rendered":"<p>N\u00e1zev ZO: ZO \u010cSOP Nau\u010dn\u00e9 stezky \u010cR Adresa s\u00eddla: \u017dloukovice 0512 Ni\u017ebor 267 05 \u010c\u00edslo ZO: 03\/15 I\u010c: 72396407 Bankovn\u00ed spojen\u00ed: Fio banka \u010d.\u00fa. 2201014395 \/ 2010 e- mail: csop.nscr@seznam.cz , info@backup-ns-eu.sb0.xyz www.naucne-stezky.eu Statut\u00e1rn\u00ed z\u00e1stupce \u2013 p\u0159edseda ZO Ing. Alena &hellip; <a href=\"https:\/\/backup-ns-eu.sb0.xyz\/index.php\/o-nas\/kontakty\/\">Cel\u00fd p\u0159\u00edsp\u011bvek <span class=\"meta-nav\">&rarr;<\/span><\/a><\/p>\n","protected":false},"author":1,"featured_media":0,"parent":2,"menu_order":20,"comment_status":"closed","ping_status":"closed","template":"","meta":{"footnotes":""},"class_list":["post-49","page","type-page","status-publish","hentry"],"_links":{"self":[{"href":"https:\/\/backup-ns-eu.sb0.xyz\/index.php\/wp-json\/wp\/v2\/pages\/49","targetHints":{"allow":["GET"]}}],"collection":[{"href":"https:\/\/backup-ns-eu.sb0.xyz\/index.php\/wp-json\/wp\/v2\/pages"}],"about":[{"href":"https:\/\/backup-ns-eu.sb0.xyz\/index.php\/wp-json\/wp\/v2\/types\/page"}],"author":[{"embeddable":true,"href":"https:\/\/backup-ns-eu.sb0.xyz\/index.php\/wp-json\/wp\/v2\/users\/1"}],"replies":[{"embeddable":true,"href":"https:\/\/backup-ns-eu.sb0.xyz\/index.php\/wp-json\/wp\/v2\/comments?post=49"}],"version-history":[{"count":9,"href":"https:\/\/backup-ns-eu.sb0.xyz\/index.php\/wp-json\/wp\/v2\/pages\/49\/revisions"}],"predecessor-version":[{"id":565,"href":"https:\/\/backup-ns-eu.sb0.xyz\/index.php\/wp-json\/wp\/v2\/pages\/49\/revisions\/565"}],"up":[{"embeddable":true,"href":"https:\/\/backup-ns-eu.sb0.xyz\/index.php\/wp-json\/wp\/v2\/pages\/2"}],"wp:attachment":[{"href":"https:\/\/backup-ns-eu.sb0.xyz\/index.php\/wp-json\/wp\/v2\/media?parent=49"}],"curies":[{"name":"wp","href":"https:\/\/api.w.org\/{rel}","templated":true}]}}