{"id":478,"date":"2012-10-30T18:29:00","date_gmt":"2012-10-30T17:29:00","guid":{"rendered":"https:\/\/backup-ns-eu.sb0.xyz\/?page_id=478"},"modified":"2013-10-26T22:50:09","modified_gmt":"2013-10-26T21:50:09","slug":"lipa-u-krizku-a-obnova-aleje-zloukovice","status":"publish","type":"page","link":"https:\/\/backup-ns-eu.sb0.xyz\/index.php\/projekty\/lipa-u-krizku-a-obnova-aleje-zloukovice\/","title":{"rendered":"L\u00edpa u k\u0159\u00ed\u017eku a obnova aleje \u017dloukovice"},"content":{"rendered":"<p><a href=\"https:\/\/backup-ns-eu.sb0.xyz\/wp-content\/uploads\/2012\/10\/CIMG2270zmen.jpg\"><img loading=\"lazy\" decoding=\"async\" src=\"https:\/\/backup-ns-eu.sb0.xyz\/wp-content\/uploads\/2012\/10\/CIMG2270zmen.jpg\" alt=\"\" title=\"CIMG2270zmen\" width=\"131\" height=\"98\" class=\"alignleft size-full wp-image-497\" \/><\/a>V roce 2012 jsme p\u0159ipravili dal\u0161\u00ed projekt, pro kter\u00fd jsme z\u00edskali finan\u010dn\u00ed podporu ze \u00a0St\u0159edo\u010desk\u00e9ho kraje.<\/p>\n<p>C\u00edlem projektu je obnovit v\u00fdsadbu strom\u016f v\u00a0krajin\u011b K\u0159ivokl\u00e1tska charakterizuj\u00edc\u00ed zdej\u0161\u00ed \u017eivot d\u0159\u00edv\u011bj\u0161\u00edch zem\u011bd\u011blc\u016f v\u00a0souladu s\u00a0p\u0159\u00edrodou a nav\u00e1zat tak na tradici v\u00a0p\u00e9\u010di o krajinu. V\u00a0projektu je \u0159e\u0161eno vysazen\u00ed l\u00edpy na m\u00edst\u011b u k\u0159\u00ed\u017eku v\u00a0pol\u00edch u \u017dloukovic. D\u00e1le projekt \u0159e\u0161\u00ed o\u0161et\u0159en\u00ed a dosadbu ovocn\u00fdch d\u0159evin na mezi pod\u00e9l poln\u00ed cesty od k\u0159\u00ed\u017eku sm\u011brem k\u00a0lesu.<\/p>\n<p>Na k\u0159i\u017eovatce poln\u00edch cest stoj\u00ed drobn\u00e1 sakr\u00e1ln\u00ed stavba \u2013 kovov\u00fd k\u0159\u00ed\u017eek na v\u00e1pnem nat\u0159en\u00e9m kamenn\u00e9m podstavci . Vedle k\u0159\u00ed\u017eku roste v\u00a0sou\u010dasnosti 1 l\u00edpa, kter\u00e1 v\u0161ak nese zn\u00e1mky po\u0161kozen\u00ed koruny. Pod l\u00edpou je um\u00edst\u011bna star\u0161\u00ed lavi\u010dka a m\u00edsto je vyhled\u00e1v\u00e1no m\u00edstn\u00edmi ob\u010dany i rekreanty jako m\u00edsto zastaven\u00ed v\u00a0krajin\u011b, kr\u00e1tk\u00e9ho odpo\u010dinku s\u00a0v\u00fdhledem na str\u00e1n\u011b na b\u0159ehu Berounky s\u00a0p\u0159\u00edrodn\u00ed rezervac\u00ed \u00a0Kabe\u010dnice \u00a0Na m\u00edst\u011b rostl v\u00a0minulosti je\u0161t\u011b jeden velk\u00fd strom, pravd\u011bpodobn\u011b tak\u00e9 l\u00edpa, po kter\u00e9m najdeme ji\u017e jen pa\u0159ez.<\/p>\n<p>\u00a0Pod\u00e9l cesty od tohoto m\u00edsta k\u00a0lesu roste zanikaj\u00edc\u00ed alej star\u00fdch ovocn\u00fdch strom\u016f \u2013 hru\u0161n\u00ed, jablon\u00ed a slivon\u00ed, kter\u00e9 jsou del\u0161\u00ed dobu neudr\u017eov\u00e1ny. Alej roste podle m\u011blk\u00e9ho p\u0159\u00edkopu, kter\u00fd nen\u00ed udr\u017eov\u00e1n se\u010den\u00edm a zar\u016fst\u00e1 postupn\u011b ke\u0159i a hromad\u00ed se v\u00a0n\u011bm biomasa z\u00a0neskl\u00edzen\u00e9 sta\u0159iny. Nav\u00edc p\u0159i \u00fadr\u017eb\u011b cesty byl shrnut drn z\u00a0cesty a vytvo\u0159eny hromady zeminy pr\u00e1v\u011b v\u00a0aleji.<\/p>\n<p>V r\u00e1mci projektu jsme upravili m\u00edsto u k\u0159\u00ed\u017eku, vysadili zde novou l\u00edpu, ud\u011blali st\u016fl s lavicemi vedle kter\u00e9ho je um\u00edst\u011bna i nov\u00e1 informa\u010dn\u00ed tabule. V ovocn\u00e9 aleji jsmek vy\u0159ezali v\u011bt\u0161inu k\u0159ovin a pro\u0159ezali such\u00e9 v\u011btve star\u00fdch strom\u016f, z k\u0159ovit\u00fdch zmlazen\u00ed slivon\u00ed jsme n\u011bkter\u00e9 uvolnili a budeme je postupn\u011b zap\u011bstov\u00e1vat jako nov\u00e9 alejov\u00e9 stromy. Star\u00e9 stromy byly ponech\u00e1ny jako v\u00fdznamn\u00fd prvek zvy\u0161uj\u00edc\u00ed biodiverzitu agrarn\u00ed \u010d\u00e1sti krajiny. Do proluk jsme pak vysadili nov\u00e9 ovocn\u00e9 stromy,kter\u00e9 jsme opat\u0159ili k\u016fly a pletivem proti okusu zv\u011b\u0159\u00ed. Alej tak postupn\u011b vyvo\u0159\u00ed op\u011bt celek. Krom\u011b na\u0161ich \u010dlen\u016f se na projektu pod\u00edlela firma \u017diva a tak\u00e9 \u010dlenov\u00e9 z Klubu p\u0159\u00e1tel \u017dloukovic.<\/p>\n","protected":false},"excerpt":{"rendered":"<p>V roce 2012 jsme p\u0159ipravili dal\u0161\u00ed projekt, pro kter\u00fd jsme z\u00edskali finan\u010dn\u00ed podporu ze \u00a0St\u0159edo\u010desk\u00e9ho kraje. C\u00edlem projektu je obnovit v\u00fdsadbu strom\u016f v\u00a0krajin\u011b K\u0159ivokl\u00e1tska charakterizuj\u00edc\u00ed zdej\u0161\u00ed \u017eivot d\u0159\u00edv\u011bj\u0161\u00edch zem\u011bd\u011blc\u016f v\u00a0souladu s\u00a0p\u0159\u00edrodou a nav\u00e1zat tak na tradici v\u00a0p\u00e9\u010di o krajinu. V\u00a0projektu &hellip; <a href=\"https:\/\/backup-ns-eu.sb0.xyz\/index.php\/projekty\/lipa-u-krizku-a-obnova-aleje-zloukovice\/\">Cel\u00fd p\u0159\u00edsp\u011bvek <span class=\"meta-nav\">&rarr;<\/span><\/a><\/p>\n","protected":false},"author":9,"featured_media":0,"parent":61,"menu_order":0,"comment_status":"closed","ping_status":"closed","template":"","meta":{"footnotes":""},"class_list":["post-478","page","type-page","status-publish","hentry"],"_links":{"self":[{"href":"https:\/\/backup-ns-eu.sb0.xyz\/index.php\/wp-json\/wp\/v2\/pages\/478","targetHints":{"allow":["GET"]}}],"collection":[{"href":"https:\/\/backup-ns-eu.sb0.xyz\/index.php\/wp-json\/wp\/v2\/pages"}],"about":[{"href":"https:\/\/backup-ns-eu.sb0.xyz\/index.php\/wp-json\/wp\/v2\/types\/page"}],"author":[{"embeddable":true,"href":"https:\/\/backup-ns-eu.sb0.xyz\/index.php\/wp-json\/wp\/v2\/users\/9"}],"replies":[{"embeddable":true,"href":"https:\/\/backup-ns-eu.sb0.xyz\/index.php\/wp-json\/wp\/v2\/comments?post=478"}],"version-history":[{"count":8,"href":"https:\/\/backup-ns-eu.sb0.xyz\/index.php\/wp-json\/wp\/v2\/pages\/478\/revisions"}],"predecessor-version":[{"id":529,"href":"https:\/\/backup-ns-eu.sb0.xyz\/index.php\/wp-json\/wp\/v2\/pages\/478\/revisions\/529"}],"up":[{"embeddable":true,"href":"https:\/\/backup-ns-eu.sb0.xyz\/index.php\/wp-json\/wp\/v2\/pages\/61"}],"wp:attachment":[{"href":"https:\/\/backup-ns-eu.sb0.xyz\/index.php\/wp-json\/wp\/v2\/media?parent=478"}],"curies":[{"name":"wp","href":"https:\/\/api.w.org\/{rel}","templated":true}]}}