{"id":377,"date":"2012-03-04T22:18:45","date_gmt":"2012-03-04T21:18:45","guid":{"rendered":"https:\/\/backup-ns-eu.sb0.xyz\/?page_id=377"},"modified":"2012-03-26T21:32:09","modified_gmt":"2012-03-26T20:32:09","slug":"obnova-parku-v-kacove-2","status":"publish","type":"page","link":"https:\/\/backup-ns-eu.sb0.xyz\/index.php\/projekty\/obnova-parku-v-kacove-2\/","title":{"rendered":"Obnova parku v K\u00e1cov\u011b"},"content":{"rendered":"<p><strong><a href=\"https:\/\/backup-ns-eu.sb0.xyz\/wp-content\/uploads\/2012\/03\/park_web_pohled.jpg\"><img loading=\"lazy\" decoding=\"async\" class=\"alignleft size-full wp-image-398\" title=\"park_web_pohled\" src=\"https:\/\/backup-ns-eu.sb0.xyz\/wp-content\/uploads\/2012\/03\/park_web_pohled.jpg\" alt=\"\" width=\"130\" height=\"98\" \/><\/a>Projekt\u00a0 v\u00fdsadby d\u0159evin p\u0159i obnov\u011b parku v K\u00e1cov\u011b.<\/strong><strong>\u00a0\u00a0\u00a0\u00a0\u00a0\u00a0\u00a0 <\/strong><\/p>\n<p>M\u011bstys K\u00e1cov se rozhodl obnovit park na m\u00edst\u011b, kde byl pln\u011b funk\u010dn\u00ed park za prvn\u00ed republiky. Tehdy se jednalo o upravenou parkovou plochu, kter\u00e1 slou\u017eila jak m\u00edstn\u00edm ob\u010dan\u016fm, rodin\u00e1m s d\u011btmi, tak tak\u00e9 v\u00fdletn\u00edm n\u00e1v\u0161t\u011bvn\u00edk\u016fm. K\u00e1cov byl v t\u00e9 dob\u011b zn\u00e1m\u00fdm letoviskem. Nyn\u00ed se m\u00edstn\u00ed samospr\u00e1va spole\u010dn\u011b s ob\u010dany rozhodli tento park obnovit. Park v podstat\u011b po 2. sv\u011btov\u00e9 v\u00e1lce zanikl, do dne\u0161n\u00edho dne se zachovala jedna lavi\u010dka a dv\u011b vzrostl\u00e9 l\u00edpy. Proto\u017ee pozemek byl evidov\u00e1n jako lesn\u00ed, byl v souladu s lesn\u00edm z\u00e1konem zalesn\u011bn hospod\u00e1\u0159sk\u00fdmi d\u0159evinami. Tyto d\u0159eviny v\u0161ak byly zcela zni\u010deny p\u0159i vich\u0159ici, kter\u00e1 K\u00e1cov zas\u00e1hla. Po t\u00e9to kalamit\u011b M\u011bstys K\u00e1cov rozhodl o obnov\u011b parku, pozemek vy\u010distil, osel travou a eviden\u010dn\u011b jej p\u0159evedl z kultury les mezi ostatn\u00ed plochy se zp\u016fsobem vyu\u017eit\u00ed zele\u0148. Na na\u0161\u00ed ZO \u010cSOP se obr\u00e1tila pan\u00ed starostka se \u017e\u00e1dost\u00ed o pomoc p\u0159i realizaci v\u00fdsadby strom\u016f. V\u00a0projektu se jedn\u00e1 o proveden\u00ed vlastn\u00ed v\u00fdsadby 5 odrostl\u00fdch sazenic ovocn\u00fdch a listnat\u00fdch strom\u016f p\u016fvodn\u00ed provenience. Stromy budou v tomto po\u010dtu vysazeny s ohledem na jejich prostorov\u00e9 n\u00e1roky a zaji\u0161t\u011bn\u00ed dostatku sv\u011btla pro jejich zdrav\u00fd v\u00fdvoj a s ohledem na velikost pozemku parku. Vysazen\u00e9 stromy budou o\u0161et\u0159eny po v\u00fdsadb\u011b z\u00e1livkou, p\u0159ihnojen\u00edm a osazeny upev\u0148ovac\u00edmi k\u016fly. Nyn\u00ed sh\u00e1n\u00edme na tento projekt finan\u010dn\u00ed prost\u0159edky. Letos jsme \u017e\u00e1dali o podporu v\u00a0r\u00e1mci mal\u00fdch grant\u016f pro jarn\u00ed v\u00fdsadby Nadaci partnerstv\u00ed. Byla to na\u0161e prvn\u00ed \u017e\u00e1dost podan\u00e1 k\u00a0t\u00e9to nadaci a bohu\u017eel jsme neusp\u011bli. Alespo\u0148 jsme z\u00edskali nov\u00e9 zku\u0161enosti a pokus\u00edme se \u017e\u00e1dost podat v\u00a0podzimn\u00edm term\u00ednu.<strong>\u00a0 <\/strong><\/p>\n","protected":false},"excerpt":{"rendered":"<p>Projekt\u00a0 v\u00fdsadby d\u0159evin p\u0159i obnov\u011b parku v K\u00e1cov\u011b.\u00a0\u00a0\u00a0\u00a0\u00a0\u00a0\u00a0 M\u011bstys K\u00e1cov se rozhodl obnovit park na m\u00edst\u011b, kde byl pln\u011b funk\u010dn\u00ed park za prvn\u00ed republiky. Tehdy se jednalo o upravenou parkovou plochu, kter\u00e1 slou\u017eila jak m\u00edstn\u00edm ob\u010dan\u016fm, rodin\u00e1m s d\u011btmi, tak &hellip; <a href=\"https:\/\/backup-ns-eu.sb0.xyz\/index.php\/projekty\/obnova-parku-v-kacove-2\/\">Cel\u00fd p\u0159\u00edsp\u011bvek <span class=\"meta-nav\">&rarr;<\/span><\/a><\/p>\n","protected":false},"author":9,"featured_media":0,"parent":61,"menu_order":30,"comment_status":"closed","ping_status":"closed","template":"","meta":{"footnotes":""},"class_list":["post-377","page","type-page","status-publish","hentry"],"_links":{"self":[{"href":"https:\/\/backup-ns-eu.sb0.xyz\/index.php\/wp-json\/wp\/v2\/pages\/377","targetHints":{"allow":["GET"]}}],"collection":[{"href":"https:\/\/backup-ns-eu.sb0.xyz\/index.php\/wp-json\/wp\/v2\/pages"}],"about":[{"href":"https:\/\/backup-ns-eu.sb0.xyz\/index.php\/wp-json\/wp\/v2\/types\/page"}],"author":[{"embeddable":true,"href":"https:\/\/backup-ns-eu.sb0.xyz\/index.php\/wp-json\/wp\/v2\/users\/9"}],"replies":[{"embeddable":true,"href":"https:\/\/backup-ns-eu.sb0.xyz\/index.php\/wp-json\/wp\/v2\/comments?post=377"}],"version-history":[{"count":8,"href":"https:\/\/backup-ns-eu.sb0.xyz\/index.php\/wp-json\/wp\/v2\/pages\/377\/revisions"}],"predecessor-version":[{"id":397,"href":"https:\/\/backup-ns-eu.sb0.xyz\/index.php\/wp-json\/wp\/v2\/pages\/377\/revisions\/397"}],"up":[{"embeddable":true,"href":"https:\/\/backup-ns-eu.sb0.xyz\/index.php\/wp-json\/wp\/v2\/pages\/61"}],"wp:attachment":[{"href":"https:\/\/backup-ns-eu.sb0.xyz\/index.php\/wp-json\/wp\/v2\/media?parent=377"}],"curies":[{"name":"wp","href":"https:\/\/api.w.org\/{rel}","templated":true}]}}