{"id":34,"date":"2011-02-14T15:07:08","date_gmt":"2011-02-14T14:07:08","guid":{"rendered":"https:\/\/backup-ns-eu.sb0.xyz\/index.php\/"},"modified":"2025-01-05T18:23:35","modified_gmt":"2025-01-05T17:23:35","slug":"uvodni-stranka","status":"publish","type":"page","link":"https:\/\/backup-ns-eu.sb0.xyz\/index.php\/uvodni-stranka\/","title":{"rendered":"V\u00edtejte na str\u00e1nk\u00e1ch ZO \u010cSOP Nau\u010dn\u00e9 stezky \u010cesk\u00e9 republiky"},"content":{"rendered":"<p>Hlavn\u00edm programem z\u00e1kladn\u00ed organizace <a title=\"Hlavn\u00ed str\u00e1nka \u010cesk\u00e9ho svazu ochr\u00e1nc\u016f p\u0159\u00edrody\" href=\"http:\/\/www.csop.cz\/\">\u010cesk\u00e9ho svazu ochr\u00e1nc\u016f p\u0159\u00edrody<\/a> <a title=\"Karta z\u00e1kladn\u00ed organizace\" href=\"http:\/\/www.csop.cz\/prehledzo\/zo_karta.php?id=5287&amp;id_zo=537\">Nau\u010dn\u00e9 stezky v\u00a0\u010cesk\u00e9 republice<\/a> je systematicky se v\u011bnovat problematice nau\u010dn\u00fdch stezek. Upozorn\u011bn\u00ed na konkr\u00e9tn\u00ed akce a zpr\u00e1vy z nich jsou um\u00edst\u011bny na str\u00e1nce <a href=\"index.php\/aktualne\">Aktu\u00e1ln\u011b<\/a>.<\/p>\n<p>Mapov\u00e1n\u00ed nau\u010dn\u00fdch stezek se v\u011bnujeme u\u017e od roku 2000, uspo\u0159\u00e1dali jsme u\u017e dva semin\u00e1\u0159e na t\u00e9ma nau\u010dn\u00e9 stezky ve St\u0159edo\u010desk\u00e9m kraji. Byly vyd\u00e1ny t\u0159i kn\u00ed\u017eky:<\/p>\n<ol>\n<li>Nau\u010dn\u00e9 stezky a trasy \u2013 Praha a St\u0159edo\u010desk\u00fd kraj,<\/li>\n<li>Nau\u010dn\u00e9 stezky a trasy II \u2013 Jiho\u010desk\u00fd kraj,<\/li>\n<li>Nau\u010dn\u00e9 stezky a trasy III \u2013 Karlovarsk\u00fd a Plze\u0148sk\u00fd kraj,<\/li>\n<\/ol>\n<p>jejich\u017e autorem je Karel Dr\u00e1bek.<\/p>\n","protected":false},"excerpt":{"rendered":"<p>Hlavn\u00edm programem z\u00e1kladn\u00ed organizace \u010cesk\u00e9ho svazu ochr\u00e1nc\u016f p\u0159\u00edrody Nau\u010dn\u00e9 stezky v\u00a0\u010cesk\u00e9 republice je systematicky se v\u011bnovat problematice nau\u010dn\u00fdch stezek. Upozorn\u011bn\u00ed na konkr\u00e9tn\u00ed akce a zpr\u00e1vy z nich jsou um\u00edst\u011bny na str\u00e1nce Aktu\u00e1ln\u011b. Mapov\u00e1n\u00ed nau\u010dn\u00fdch stezek se v\u011bnujeme u\u017e od roku &hellip; <a href=\"https:\/\/backup-ns-eu.sb0.xyz\/index.php\/uvodni-stranka\/\">Cel\u00fd p\u0159\u00edsp\u011bvek <span class=\"meta-nav\">&rarr;<\/span><\/a><\/p>\n","protected":false},"author":3,"featured_media":0,"parent":0,"menu_order":10,"comment_status":"closed","ping_status":"closed","template":"","meta":{"footnotes":""},"class_list":["post-34","page","type-page","status-publish","hentry"],"_links":{"self":[{"href":"https:\/\/backup-ns-eu.sb0.xyz\/index.php\/wp-json\/wp\/v2\/pages\/34","targetHints":{"allow":["GET"]}}],"collection":[{"href":"https:\/\/backup-ns-eu.sb0.xyz\/index.php\/wp-json\/wp\/v2\/pages"}],"about":[{"href":"https:\/\/backup-ns-eu.sb0.xyz\/index.php\/wp-json\/wp\/v2\/types\/page"}],"author":[{"embeddable":true,"href":"https:\/\/backup-ns-eu.sb0.xyz\/index.php\/wp-json\/wp\/v2\/users\/3"}],"replies":[{"embeddable":true,"href":"https:\/\/backup-ns-eu.sb0.xyz\/index.php\/wp-json\/wp\/v2\/comments?post=34"}],"version-history":[{"count":10,"href":"https:\/\/backup-ns-eu.sb0.xyz\/index.php\/wp-json\/wp\/v2\/pages\/34\/revisions"}],"predecessor-version":[{"id":508,"href":"https:\/\/backup-ns-eu.sb0.xyz\/index.php\/wp-json\/wp\/v2\/pages\/34\/revisions\/508"}],"wp:attachment":[{"href":"https:\/\/backup-ns-eu.sb0.xyz\/index.php\/wp-json\/wp\/v2\/media?parent=34"}],"curies":[{"name":"wp","href":"https:\/\/api.w.org\/{rel}","templated":true}]}}