{"id":264,"date":"2011-10-03T21:17:58","date_gmt":"2011-10-03T20:17:58","guid":{"rendered":"https:\/\/backup-ns-eu.sb0.xyz\/?page_id=264"},"modified":"2014-03-07T20:36:58","modified_gmt":"2014-03-07T19:36:58","slug":"projekt-naucna-stezka-okolim-kacova","status":"publish","type":"page","link":"https:\/\/backup-ns-eu.sb0.xyz\/index.php\/projekty\/projekt-naucna-stezka-okolim-kacova\/","title":{"rendered":"NS Okol\u00edm K\u00e1cova"},"content":{"rendered":"<p><a href=\"https:\/\/backup-ns-eu.sb0.xyz\/wp-content\/uploads\/2011\/10\/kytkoptak_cerny.png\"><img loading=\"lazy\" decoding=\"async\" class=\"size-medium wp-image-296 alignleft\" title=\"kytkoptak_cerny\" src=\"https:\/\/backup-ns-eu.sb0.xyz\/wp-content\/uploads\/2011\/10\/kytkoptak_cerny-300x261.png\" alt=\"Logo \u010cSOP - \u010dern\u00e9\" width=\"132\" height=\"110\" \/><\/a>Projekt v pr\u016fb\u011bhu realizace na ja\u0159e 2012 byl je\u0161t\u011b roz\u0161\u00ed\u0159en a tak nyn\u00ed p\u00e1r t\u00fddn\u016f p\u0159ed dokon\u010den\u00edm m\u00e1 ji\u017e kone\u010dnou podobu. P\u016fvodn\u00ed projekt byl je\u0161t\u011b roz\u0161\u00ed\u0159en o dal\u0161\u00ed t\u0159i zast\u00e1vky, v\u011bnovan\u00e9 les\u016fm a lesnictv\u00ed a tak nyn\u00ed m\u00e1 stezka celkov\u011b 10 zast\u00e1vek. Rovn\u011b\u017e po jedn\u00e1n\u00ed s Klubem \u010desk\u00fdch turist\u016f byla \u010d\u00e1st trasy, kter\u00e1 vedla mimo zna\u010den\u00e9 turistick\u00e9 cesty dozna\u010dena v ter\u00e9nu jako nov\u00e1 turistick\u00e1 trasa \u017elut\u00e9 barvy. Vede od Koutsk\u00e9ho ml\u00fdna p\u0159es Polipsy a str\u00e1n\u00ed nad Losinsk\u00fdm potokem a\u017e k n\u00e1dra\u017e\u00ed K\u00e1cov.<\/p>\n<p>Finan\u010dn\u011b byl projekt zaji\u0161t\u011bn z prost\u0159edk\u016f st\u00e1tn\u00edho podniku Lesy \u010cesk\u00e9 republiky s.p., z dotace St\u0159edo\u010desk\u00e9ho kraje, z p\u0159\u00edsp\u011bvku obce \u010cest\u00edn a vlastn\u00edch zdroj\u016f \u010cSOP Nau\u010dn\u00e9 stezky \u010cR.<\/p>\n<p>Na projektu v\u00fdznamn\u011b spolupracovali Alena \u0160\u0165ov\u00ed\u010dkov\u00e1, Jana Hradcov\u00e1, Jana P\u011bkn\u00e1, Daniel Korol, So\u0148a K\u0159enov\u00e1, Miroslava S\u00fdkorov\u00e1, Franti\u0161ek Proch\u00e1zka, Jaroslav Obermajer, Karel Dr\u00e1bek, Jakub D\u017eurn\u00fd, Josef Lemberk.<\/p>\n<p>Te\u010f zb\u00fdv\u00e1 jen ji\u017e instalovat stojany s tabulemi v ter\u00e9nu a v\u0161ichni mohou stezku nav\u0161t\u00edvit bu\u010f 14.\u010dervna p\u0159i slavnostn\u00edm zah\u00e1jen\u00ed nebo kdykoli pozd\u011bji.<\/p>\n<p style=\"text-align: center;\"><a href=\"https:\/\/backup-ns-eu.sb0.xyz\/wp-content\/uploads\/2011\/10\/CIMG1075_maly.jpg\"><img loading=\"lazy\" decoding=\"async\" class=\"alignnone size-medium wp-image-306\" title=\"CIMG1075_maly\" src=\"https:\/\/backup-ns-eu.sb0.xyz\/wp-content\/uploads\/2011\/10\/CIMG1075_maly-300x225.jpg\" alt=\"Z ter\u00e9nn\u00ed poch\u016fzky po trase stezky NS K\u00e1cov\" width=\"300\" height=\"225\" srcset=\"https:\/\/backup-ns-eu.sb0.xyz\/wp-content\/uploads\/2011\/10\/CIMG1075_maly-300x225.jpg 300w, https:\/\/backup-ns-eu.sb0.xyz\/wp-content\/uploads\/2011\/10\/CIMG1075_maly.jpg 1024w\" sizes=\"auto, (max-width: 300px) 100vw, 300px\" \/><\/a>\u00a0\u00a0<a href=\"https:\/\/backup-ns-eu.sb0.xyz\/wp-content\/uploads\/2011\/10\/CIMG1099_maly.jpg\"><img loading=\"lazy\" decoding=\"async\" class=\"alignnone size-medium wp-image-307\" title=\"CIMG1099_maly\" src=\"https:\/\/backup-ns-eu.sb0.xyz\/wp-content\/uploads\/2011\/10\/CIMG1099_maly-300x225.jpg\" alt=\"Z ter\u00e9nn\u00ed poch\u016fzky po trase stezky NS K\u00e1cov\" width=\"300\" height=\"225\" srcset=\"https:\/\/backup-ns-eu.sb0.xyz\/wp-content\/uploads\/2011\/10\/CIMG1099_maly-300x225.jpg 300w, https:\/\/backup-ns-eu.sb0.xyz\/wp-content\/uploads\/2011\/10\/CIMG1099_maly.jpg 1024w\" sizes=\"auto, (max-width: 300px) 100vw, 300px\" \/><\/a><br \/>\nZ ter\u00e9nn\u00ed poch\u016fzky po trase stezky<\/p>\n<p style=\"text-align: center;\"><a href=\"https:\/\/backup-ns-eu.sb0.xyz\/wp-content\/uploads\/2011\/10\/kacov_mapka.pdf\"><img loading=\"lazy\" decoding=\"async\" class=\"alignnone size-full wp-image-432\" title=\"NS Okol\u00edm K\u00e1cova - mapka trasy\" src=\"https:\/\/backup-ns-eu.sb0.xyz\/wp-content\/uploads\/2011\/10\/OkolimKacova2.jpg\" alt=\"NS Okol\u00edm K\u00e1cova - mapka trasy\" width=\"585\" height=\"430\" srcset=\"https:\/\/backup-ns-eu.sb0.xyz\/wp-content\/uploads\/2011\/10\/OkolimKacova2.jpg 585w, https:\/\/backup-ns-eu.sb0.xyz\/wp-content\/uploads\/2011\/10\/OkolimKacova2-300x220.jpg 300w\" sizes=\"auto, (max-width: 585px) 100vw, 585px\" \/><\/a><br \/>\nMapa trasy<\/p>\n<p style=\"text-align: center;\"><a href=\"https:\/\/backup-ns-eu.sb0.xyz\/wp-content\/uploads\/2011\/10\/pruvodce.pdf\">pruvodce<\/a><\/p>\n<p style=\"text-align: center;\"><a href=\"https:\/\/backup-ns-eu.sb0.xyz\/wp-content\/uploads\/2011\/10\/tabule_NS.pdf\">tabule_NS<\/a><\/p>\n<p style=\"text-align: center;\"><a href=\"https:\/\/backup-ns-eu.sb0.xyz\/wp-content\/uploads\/2011\/10\/logo_stredocesky_kraj.jpg\"><img loading=\"lazy\" decoding=\"async\" class=\"alignnone size-medium wp-image-285\" title=\"logo_stredocesky_kraj\" src=\"https:\/\/backup-ns-eu.sb0.xyz\/wp-content\/uploads\/2011\/10\/logo_stredocesky_kraj-300x53.jpg\" alt=\"Logo - St\u0159edo\u010desk\u00fd kraj\" width=\"180\" height=\"32\" srcset=\"https:\/\/backup-ns-eu.sb0.xyz\/wp-content\/uploads\/2011\/10\/logo_stredocesky_kraj-300x53.jpg 300w, https:\/\/backup-ns-eu.sb0.xyz\/wp-content\/uploads\/2011\/10\/logo_stredocesky_kraj.jpg 600w\" sizes=\"auto, (max-width: 180px) 100vw, 180px\" \/><\/a><a href=\"https:\/\/backup-ns-eu.sb0.xyz\/wp-content\/uploads\/2011\/10\/logo_lesy_cr_2020.png\"><img loading=\"lazy\" decoding=\"async\" class=\"alignnone size-medium wp-image-286\" title=\"logo_lesy_cr_2020\" src=\"https:\/\/backup-ns-eu.sb0.xyz\/wp-content\/uploads\/2011\/10\/logo_lesy_cr_2020-300x250.png\" alt=\"Logo - Lesy \u010cR, Program 2020\" width=\"180\" height=\"150\" srcset=\"https:\/\/backup-ns-eu.sb0.xyz\/wp-content\/uploads\/2011\/10\/logo_lesy_cr_2020-300x250.png 300w, https:\/\/backup-ns-eu.sb0.xyz\/wp-content\/uploads\/2011\/10\/logo_lesy_cr_2020.png 714w\" sizes=\"auto, (max-width: 180px) 100vw, 180px\" \/><\/a><a href=\"https:\/\/backup-ns-eu.sb0.xyz\/wp-content\/uploads\/2011\/10\/logo_kacov.png\"><img loading=\"lazy\" decoding=\"async\" class=\"size-full wp-image-287 \" title=\"logo_kacov\" src=\"https:\/\/backup-ns-eu.sb0.xyz\/wp-content\/uploads\/2011\/10\/logo_kacov.png\" alt=\"\" width=\"118\" height=\"179\" \/><\/a><\/p>\n","protected":false},"excerpt":{"rendered":"<p>Projekt v pr\u016fb\u011bhu realizace na ja\u0159e 2012 byl je\u0161t\u011b roz\u0161\u00ed\u0159en a tak nyn\u00ed p\u00e1r t\u00fddn\u016f p\u0159ed dokon\u010den\u00edm m\u00e1 ji\u017e kone\u010dnou podobu. P\u016fvodn\u00ed projekt byl je\u0161t\u011b roz\u0161\u00ed\u0159en o dal\u0161\u00ed t\u0159i zast\u00e1vky, v\u011bnovan\u00e9 les\u016fm a lesnictv\u00ed a tak nyn\u00ed m\u00e1 stezka celkov\u011b &hellip; <a href=\"https:\/\/backup-ns-eu.sb0.xyz\/index.php\/projekty\/projekt-naucna-stezka-okolim-kacova\/\">Cel\u00fd p\u0159\u00edsp\u011bvek <span class=\"meta-nav\">&rarr;<\/span><\/a><\/p>\n","protected":false},"author":2,"featured_media":0,"parent":61,"menu_order":20,"comment_status":"closed","ping_status":"closed","template":"","meta":{"footnotes":""},"class_list":["post-264","page","type-page","status-publish","hentry"],"_links":{"self":[{"href":"https:\/\/backup-ns-eu.sb0.xyz\/index.php\/wp-json\/wp\/v2\/pages\/264","targetHints":{"allow":["GET"]}}],"collection":[{"href":"https:\/\/backup-ns-eu.sb0.xyz\/index.php\/wp-json\/wp\/v2\/pages"}],"about":[{"href":"https:\/\/backup-ns-eu.sb0.xyz\/index.php\/wp-json\/wp\/v2\/types\/page"}],"author":[{"embeddable":true,"href":"https:\/\/backup-ns-eu.sb0.xyz\/index.php\/wp-json\/wp\/v2\/users\/2"}],"replies":[{"embeddable":true,"href":"https:\/\/backup-ns-eu.sb0.xyz\/index.php\/wp-json\/wp\/v2\/comments?post=264"}],"version-history":[{"count":33,"href":"https:\/\/backup-ns-eu.sb0.xyz\/index.php\/wp-json\/wp\/v2\/pages\/264\/revisions"}],"predecessor-version":[{"id":532,"href":"https:\/\/backup-ns-eu.sb0.xyz\/index.php\/wp-json\/wp\/v2\/pages\/264\/revisions\/532"}],"up":[{"embeddable":true,"href":"https:\/\/backup-ns-eu.sb0.xyz\/index.php\/wp-json\/wp\/v2\/pages\/61"}],"wp:attachment":[{"href":"https:\/\/backup-ns-eu.sb0.xyz\/index.php\/wp-json\/wp\/v2\/media?parent=264"}],"curies":[{"name":"wp","href":"https:\/\/api.w.org\/{rel}","templated":true}]}}