{"id":259,"date":"2011-10-03T21:15:56","date_gmt":"2011-10-03T20:15:56","guid":{"rendered":"https:\/\/backup-ns-eu.sb0.xyz\/?page_id=259"},"modified":"2011-10-04T18:33:04","modified_gmt":"2011-10-04T17:33:04","slug":"mapovani-pro-garmin","status":"publish","type":"page","link":"https:\/\/backup-ns-eu.sb0.xyz\/index.php\/projekty\/mapovani-pro-garmin\/","title":{"rendered":"Mapov\u00e1n\u00ed pro GARMIN"},"content":{"rendered":"<p><a href=\"http:\/\/www.garmin.cz\/uvod\/\"><img loading=\"lazy\" decoding=\"async\" class=\"alignleft size-thumbnail wp-image-318\" title=\"logo GARMIN\" src=\"https:\/\/backup-ns-eu.sb0.xyz\/wp-content\/uploads\/2011\/10\/logo_garmin-150x43.gif\" alt=\"\" width=\"150\" height=\"43\" \/><\/a>\u010clenov\u00e9 na\u0161\u00ed organizace ke sv\u00e9 pr\u00e1ci pou\u017e\u00edvaj\u00ed \u010dasto turistick\u00e9 p\u0159\u00edstroje GPS. To n\u00e1s \u010dasem dovedlo i k na\u0161emu projektu, jeho\u017e obsahem je aktualizace a zp\u0159es\u0148ov\u00e1n\u00ed \u00fadaj\u016f pro mapu v m\u011b\u0159\u00edtku 1:10 000 pou\u017e\u00edvanou v p\u0159\u00edstroj\u00edch firmy GARMIN. Nyn\u00ed na\u0161i \u010dlenov\u00e9 v ter\u00e9nu ov\u011b\u0159uj\u00ed spr\u00e1vnost veden\u00ed turistick\u00fdch tras Klubu \u010desk\u00fdch turist\u016f a zaznamen\u00e1vaj\u00ed dal\u0161\u00ed z\u00e1jmov\u00e9 body, jako rozcestn\u00edky, odpo\u010d\u00edvadla se stolky, rozhledny, bo\u017e\u00ed muka, kapli\u010dky, pomn\u00edky a sochy, v\u00fdznamn\u00e9 budovy. P\u0159i sv\u00e9 pr\u00e1ci rovn\u011b\u017e u ji\u017e spr\u00e1vn\u011b zamapovan\u00fdch z\u00e1jmov\u00fdch bod\u016f dopl\u0148uj\u00ed konkr\u00e9tn\u00ed nazvy, p\u0159\u00edpadn\u011b bli\u017e\u0161\u00ed specifikaci. Projekt prob\u00edh\u00e1 na z\u00e1klad\u011b smlouvy se spole\u010dnost\u00ed PICODAS Praha spol. s r.o. a od za\u010d\u00e1tku projektu ji\u017e bylo zmapov\u00e1no 20 tras s pr\u016fm\u011brnou d\u00e9lkou 23 km. V\u011b\u0159\u00edme, \u017ee v dal\u0161\u00edm obdob\u00ed se n\u00e1m poda\u0159\u00ed projekt \u00fasp\u011b\u0161n\u011b rozv\u00edjet a zapojit do n\u011bj i dal\u0161\u00ed \u010dleny a spolupracovn\u00edky.<\/p>\n<p><a href=\"https:\/\/backup-ns-eu.sb0.xyz\/wp-content\/uploads\/2011\/10\/CIMG0953web2.jpg\"><img loading=\"lazy\" decoding=\"async\" class=\"alignleft size-full wp-image-321\" title=\"CIMG0953web\" src=\"https:\/\/backup-ns-eu.sb0.xyz\/wp-content\/uploads\/2011\/10\/CIMG0953web2.jpg\" alt=\"\" width=\"130\" height=\"98\" \/><\/a><a href=\"https:\/\/backup-ns-eu.sb0.xyz\/wp-content\/uploads\/2011\/10\/CIMG0895web.jpg\"><img loading=\"lazy\" decoding=\"async\" class=\"alignleft size-full wp-image-322\" title=\"CIMG0895web\" src=\"https:\/\/backup-ns-eu.sb0.xyz\/wp-content\/uploads\/2011\/10\/CIMG0895web.jpg\" alt=\"\" width=\"130\" height=\"98\" \/><\/a><a href=\"https:\/\/backup-ns-eu.sb0.xyz\/wp-content\/uploads\/2011\/10\/CIMG0976web1.jpg\"><img loading=\"lazy\" decoding=\"async\" class=\"alignleft size-full wp-image-323\" title=\"CIMG0976web\" src=\"https:\/\/backup-ns-eu.sb0.xyz\/wp-content\/uploads\/2011\/10\/CIMG0976web1.jpg\" alt=\"\" width=\"130\" height=\"98\" \/><\/a><\/p>\n<p>&nbsp;<\/p>\n<p>&nbsp;<\/p>\n","protected":false},"excerpt":{"rendered":"<p>\u010clenov\u00e9 na\u0161\u00ed organizace ke sv\u00e9 pr\u00e1ci pou\u017e\u00edvaj\u00ed \u010dasto turistick\u00e9 p\u0159\u00edstroje GPS. To n\u00e1s \u010dasem dovedlo i k na\u0161emu projektu, jeho\u017e obsahem je aktualizace a zp\u0159es\u0148ov\u00e1n\u00ed \u00fadaj\u016f pro mapu v m\u011b\u0159\u00edtku 1:10 000 pou\u017e\u00edvanou v p\u0159\u00edstroj\u00edch firmy GARMIN. Nyn\u00ed na\u0161i \u010dlenov\u00e9 &hellip; <a href=\"https:\/\/backup-ns-eu.sb0.xyz\/index.php\/projekty\/mapovani-pro-garmin\/\">Cel\u00fd p\u0159\u00edsp\u011bvek <span class=\"meta-nav\">&rarr;<\/span><\/a><\/p>\n","protected":false},"author":2,"featured_media":0,"parent":61,"menu_order":10,"comment_status":"closed","ping_status":"closed","template":"","meta":{"footnotes":""},"class_list":["post-259","page","type-page","status-publish","hentry"],"_links":{"self":[{"href":"https:\/\/backup-ns-eu.sb0.xyz\/index.php\/wp-json\/wp\/v2\/pages\/259","targetHints":{"allow":["GET"]}}],"collection":[{"href":"https:\/\/backup-ns-eu.sb0.xyz\/index.php\/wp-json\/wp\/v2\/pages"}],"about":[{"href":"https:\/\/backup-ns-eu.sb0.xyz\/index.php\/wp-json\/wp\/v2\/types\/page"}],"author":[{"embeddable":true,"href":"https:\/\/backup-ns-eu.sb0.xyz\/index.php\/wp-json\/wp\/v2\/users\/2"}],"replies":[{"embeddable":true,"href":"https:\/\/backup-ns-eu.sb0.xyz\/index.php\/wp-json\/wp\/v2\/comments?post=259"}],"version-history":[{"count":13,"href":"https:\/\/backup-ns-eu.sb0.xyz\/index.php\/wp-json\/wp\/v2\/pages\/259\/revisions"}],"predecessor-version":[{"id":288,"href":"https:\/\/backup-ns-eu.sb0.xyz\/index.php\/wp-json\/wp\/v2\/pages\/259\/revisions\/288"}],"up":[{"embeddable":true,"href":"https:\/\/backup-ns-eu.sb0.xyz\/index.php\/wp-json\/wp\/v2\/pages\/61"}],"wp:attachment":[{"href":"https:\/\/backup-ns-eu.sb0.xyz\/index.php\/wp-json\/wp\/v2\/media?parent=259"}],"curies":[{"name":"wp","href":"https:\/\/api.w.org\/{rel}","templated":true}]}}